{"id":125,"date":"2022-02-25T18:55:16","date_gmt":"2022-02-25T17:55:16","guid":{"rendered":"http:\/\/paulanthonymille.com\/charpentiers\/?page_id=125"},"modified":"2022-02-25T18:55:16","modified_gmt":"2022-02-25T17:55:16","slug":"synopsis","status":"publish","type":"page","link":"http:\/\/paulanthonymille.com\/charpentiers\/synopsis\/","title":{"rendered":"SYNOPSIS"},"content":{"rendered":"\n<figure class=\"wp-block-image size-large\"><img loading=\"lazy\" decoding=\"async\" width=\"1024\" height=\"429\" src=\"http:\/\/paulanthonymille.com\/charpentiers\/wp-content\/uploads\/2022\/02\/Aours16-1024x429.jpg\" alt=\"\" class=\"wp-image-12\" srcset=\"http:\/\/paulanthonymille.com\/charpentiers\/wp-content\/uploads\/2022\/02\/Aours16-1024x429.jpg 1024w, http:\/\/paulanthonymille.com\/charpentiers\/wp-content\/uploads\/2022\/02\/Aours16-300x126.jpg 300w, http:\/\/paulanthonymille.com\/charpentiers\/wp-content\/uploads\/2022\/02\/Aours16-768x322.jpg 768w, http:\/\/paulanthonymille.com\/charpentiers\/wp-content\/uploads\/2022\/02\/Aours16-1536x644.jpg 1536w, http:\/\/paulanthonymille.com\/charpentiers\/wp-content\/uploads\/2022\/02\/Aours16-2048x858.jpg 2048w\" sizes=\"auto, (max-width: 1024px) 100vw, 1024px\" \/><\/figure>\n\n\n\n<p class=\"has-drop-cap\">Gaston Froissard, jeune pr\u00eatre Parisien a d\u00e9cid\u00e9 de troquer son col romain pour la vie de moine en Chartreuse. Il est myst\u00e9rieusement rappel\u00e9 par le dioc\u00e8se qui l&rsquo;impose de reprendre aussit\u00f4t ses fonctions sacerdotales dans une grande paroisse Parisienne. Ces quelques ann\u00e9es de vie monastique ont profond\u00e9ment chang\u00e9 l&rsquo;homme qu&rsquo;il \u00e9tait, l&rsquo;effervescence de la ville, les pr\u00e9occupations de son entourage, tout semble en d\u00e9calage avec ce qui anime l&rsquo;\u00e2me de cet homme aux principes tranchants.<\/p>\n\n\n\n<p>Le monde autour de lui semble vaciller entre r\u00e9alit\u00e9 et visions mystiques poussant sa foi jusqu&rsquo;\u00e0 ses pires retranchements. Le p\u00e8re Froissard finira par apprendre la vraie raison de sa mutation \u00e0 Paris, abasourdi par son sort, ces \u00e9preuves lui permettront d&rsquo;entreprendre la seule et v\u00e9ritable qu\u00eate que l&rsquo;homme attendait de sa vie : Celle de se reconnecter \u00e0 l&rsquo;essentiel.<\/p>\n","protected":false},"excerpt":{"rendered":"<p>Gaston Froissard, jeune pr\u00eatre Parisien a d\u00e9cid\u00e9 de troquer son col romain pour la vie&#8230;<\/p>\n<div class=\"more-link-wrapper\"><a class=\"more-link\" href=\"http:\/\/paulanthonymille.com\/charpentiers\/synopsis\/\">Read the post<span class=\"screen-reader-text\">SYNOPSIS<\/span><\/a><\/div>\n","protected":false},"author":1,"featured_media":0,"parent":0,"menu_order":0,"comment_status":"closed","ping_status":"closed","template":"","meta":{"footnotes":""},"class_list":["post-125","page","type-page","status-publish","hentry","excerpt","zoom","full-without-featured","even","excerpt-0"],"_links":{"self":[{"href":"http:\/\/paulanthonymille.com\/charpentiers\/wp-json\/wp\/v2\/pages\/125","targetHints":{"allow":["GET"]}}],"collection":[{"href":"http:\/\/paulanthonymille.com\/charpentiers\/wp-json\/wp\/v2\/pages"}],"about":[{"href":"http:\/\/paulanthonymille.com\/charpentiers\/wp-json\/wp\/v2\/types\/page"}],"author":[{"embeddable":true,"href":"http:\/\/paulanthonymille.com\/charpentiers\/wp-json\/wp\/v2\/users\/1"}],"replies":[{"embeddable":true,"href":"http:\/\/paulanthonymille.com\/charpentiers\/wp-json\/wp\/v2\/comments?post=125"}],"version-history":[{"count":1,"href":"http:\/\/paulanthonymille.com\/charpentiers\/wp-json\/wp\/v2\/pages\/125\/revisions"}],"predecessor-version":[{"id":126,"href":"http:\/\/paulanthonymille.com\/charpentiers\/wp-json\/wp\/v2\/pages\/125\/revisions\/126"}],"wp:attachment":[{"href":"http:\/\/paulanthonymille.com\/charpentiers\/wp-json\/wp\/v2\/media?parent=125"}],"curies":[{"name":"wp","href":"https:\/\/api.w.org\/{rel}","templated":true}]}}